{"id":5606,"date":"2026-02-05T16:03:13","date_gmt":"2026-02-05T19:03:13","guid":{"rendered":"https:\/\/crowndobrasil.com.br\/?page_id=5606"},"modified":"2026-02-05T16:04:10","modified_gmt":"2026-02-05T19:04:10","slug":"textil","status":"publish","type":"page","link":"https:\/\/crowndobrasil.com.br\/es\/mercados\/textil\/","title":{"rendered":"Textil"},"content":{"rendered":"\t\t<div data-elementor-type=\"wp-page\" data-elementor-id=\"5606\" class=\"elementor elementor-5606\">\n\t\t\t\t\t\t<section class=\"elementor-section elementor-top-section elementor-element elementor-element-8d911e6 elementor-section-stretched elementor-section-boxed elementor-section-height-default elementor-section-height-default\" data-id=\"8d911e6\" data-element_type=\"section\" data-e-type=\"section\" data-settings=\"{&quot;stretch_section&quot;:&quot;section-stretched&quot;,&quot;background_background&quot;:&quot;classic&quot;}\">\n\t\t\t\t\t\t<div class=\"elementor-container elementor-column-gap-wider\">\n\t\t\t\t\t<div class=\"elementor-column elementor-col-100 elementor-top-column elementor-element elementor-element-129ead8\" data-id=\"129ead8\" data-element_type=\"column\" data-e-type=\"column\">\n\t\t\t<div class=\"elementor-widget-wrap elementor-element-populated\">\n\t\t\t\t\t\t<section class=\"elementor-section elementor-inner-section elementor-element elementor-element-50243f8 elementor-section-boxed elementor-section-height-default elementor-section-height-default\" data-id=\"50243f8\" data-element_type=\"section\" data-e-type=\"section\">\n\t\t\t\t\t\t<div class=\"elementor-container elementor-column-gap-default\">\n\t\t\t\t\t<div class=\"elementor-column elementor-col-50 elementor-inner-column elementor-element elementor-element-1a04cb9\" data-id=\"1a04cb9\" data-element_type=\"column\" data-e-type=\"column\">\n\t\t\t<div class=\"elementor-widget-wrap elementor-element-populated\">\n\t\t\t\t\t\t<div class=\"elementor-element elementor-element-06d5e71 elementor-widget elementor-widget-text-editor\" data-id=\"06d5e71\" data-element_type=\"widget\" data-e-type=\"widget\" data-widget_type=\"text-editor.default\">\n\t\t\t\t<div class=\"elementor-widget-container\">\n\t\t\t\t\t\t\t\t\t<h6><span style=\"color: #feba4d;\">Mercados<\/span><\/h6>\n<h2><span style=\"color: #fff;\">T\u00eaxtil<\/span><\/h2>\t\t\t\t\t\t\t\t<\/div>\n\t\t\t\t<\/div>\n\t\t\t\t\t<\/div>\n\t\t<\/div>\n\t\t\t\t<div class=\"elementor-column elementor-col-50 elementor-inner-column elementor-element elementor-element-310dabf\" data-id=\"310dabf\" data-element_type=\"column\" data-e-type=\"column\">\n\t\t\t<div class=\"elementor-widget-wrap\">\n\t\t\t\t\t\t\t<\/div>\n\t\t<\/div>\n\t\t\t\t\t<\/div>\n\t\t<\/section>\n\t\t\t\t\t<\/div>\n\t\t<\/div>\n\t\t\t\t\t<\/div>\n\t\t<\/section>\n\t\t\t\t<section class=\"elementor-section elementor-top-section elementor-element elementor-element-f69c379 elementor-section-stretched elementor-section-boxed elementor-section-height-default elementor-section-height-default\" data-id=\"f69c379\" data-element_type=\"section\" data-e-type=\"section\" data-settings=\"{&quot;stretch_section&quot;:&quot;section-stretched&quot;}\">\n\t\t\t\t\t\t<div class=\"elementor-container elementor-column-gap-wider\">\n\t\t\t\t\t<div class=\"elementor-column elementor-col-100 elementor-top-column elementor-element elementor-element-5b32dc5\" data-id=\"5b32dc5\" data-element_type=\"column\" data-e-type=\"column\">\n\t\t\t<div class=\"elementor-widget-wrap elementor-element-populated\">\n\t\t\t\t\t\t<section class=\"elementor-section elementor-inner-section elementor-element elementor-element-4864243 elementor-section-content-middle elementor-section-boxed elementor-section-height-default elementor-section-height-default\" data-id=\"4864243\" data-element_type=\"section\" data-e-type=\"section\">\n\t\t\t\t\t\t<div class=\"elementor-container elementor-column-gap-wider\">\n\t\t\t\t\t<div class=\"elementor-column elementor-col-50 elementor-inner-column elementor-element elementor-element-90a7229\" data-id=\"90a7229\" data-element_type=\"column\" data-e-type=\"column\">\n\t\t\t<div class=\"elementor-widget-wrap elementor-element-populated\">\n\t\t\t\t\t\t<div class=\"elementor-element elementor-element-d467880 elementor-widget elementor-widget-heading\" data-id=\"d467880\" data-element_type=\"widget\" data-e-type=\"widget\" data-widget_type=\"heading.default\">\n\t\t\t\t<div class=\"elementor-widget-container\">\n\t\t\t\t\t<h4 class=\"elementor-heading-title elementor-size-default\">L\u00edder absoluto en el mercado textil, Crown do Brasil tiene dos l\u00edneas de productos desarrolladas espec\u00edficamente para el sector, lo que se traduce en mejor fijaci\u00f3n, facilidad de aplicaci\u00f3n y brillo.<\/h4>\t\t\t\t<\/div>\n\t\t\t\t<\/div>\n\t\t\t\t<div class=\"elementor-element elementor-element-1ef561c elementor-widget elementor-widget-text-editor\" data-id=\"1ef561c\" data-element_type=\"widget\" data-e-type=\"widget\" data-widget_type=\"text-editor.default\">\n\t\t\t\t<div class=\"elementor-widget-container\">\n\t\t\t\t\t\t\t\t\t<p data-block-id=\"block-5a8f79d7-3fae-45f7-acad-3b017b7468ce\">Nuestro portafolio de foils textiles \u2013 tambi\u00e9n conocidos como cinta met\u00e1lica o papel met\u00e1lico \u2013 impresiona con sus colores brillantes, patrones e impresiones. Son f\u00e1ciles de manejar y aplicar, y se pueden aplicar a diferentes tipos de tela.<\/p><p data-block-id=\"block-9028f923-5966-4ed5-a890-22595605f9fe\">Podemos satisfacer las necesidades m\u00e1s diversas del mercado a trav\u00e9s de la calidad y tecnolog\u00eda de nuestro foil textil, combinado con el conocimiento t\u00e9cnico de nuestro equipo.<\/p><p data-block-id=\"block-e2340f28-0883-4104-9cad-51b40cacba6c\">Adem\u00e1s de la amplia gama de colores y patrones, tenemos rollos de hasta 1.5 metros.<\/p>\t\t\t\t\t\t\t\t<\/div>\n\t\t\t\t<\/div>\n\t\t\t\t\t<\/div>\n\t\t<\/div>\n\t\t\t\t<div class=\"elementor-column elementor-col-50 elementor-inner-column elementor-element elementor-element-6222724\" data-id=\"6222724\" data-element_type=\"column\" data-e-type=\"column\">\n\t\t\t<div class=\"elementor-widget-wrap elementor-element-populated\">\n\t\t\t\t\t\t<div class=\"elementor-element elementor-element-e5ae7d4 elementor-widget elementor-widget-image\" data-id=\"e5ae7d4\" data-element_type=\"widget\" data-e-type=\"widget\" data-widget_type=\"image.default\">\n\t\t\t\t<div class=\"elementor-widget-container\">\n\t\t\t\t\t\t\t\t\t\t\t\t\t\t\t<img fetchpriority=\"high\" decoding=\"async\" width=\"1000\" height=\"667\" src=\"https:\/\/crowndobrasil.com.br\/wp-content\/uploads\/2025\/04\/capa-textil.png\" class=\"attachment-large size-large wp-image-4446\" alt=\"\" srcset=\"https:\/\/crowndobrasil.com.br\/wp-content\/uploads\/2025\/04\/capa-textil.png 1000w, https:\/\/crowndobrasil.com.br\/wp-content\/uploads\/2025\/04\/capa-textil-300x200.png 300w, https:\/\/crowndobrasil.com.br\/wp-content\/uploads\/2025\/04\/capa-textil-768x512.png 768w, https:\/\/crowndobrasil.com.br\/wp-content\/uploads\/2025\/04\/capa-textil-219x146.png 219w, https:\/\/crowndobrasil.com.br\/wp-content\/uploads\/2025\/04\/capa-textil-50x33.png 50w, https:\/\/crowndobrasil.com.br\/wp-content\/uploads\/2025\/04\/capa-textil-112x75.png 112w\" sizes=\"(max-width: 1000px) 100vw, 1000px\" \/>\t\t\t\t\t\t\t\t\t\t\t\t\t\t\t<\/div>\n\t\t\t\t<\/div>\n\t\t\t\t\t<\/div>\n\t\t<\/div>\n\t\t\t\t\t<\/div>\n\t\t<\/section>\n\t\t\t\t\t<\/div>\n\t\t<\/div>\n\t\t\t\t\t<\/div>\n\t\t<\/section>\n\t\t\t\t<section class=\"elementor-section elementor-top-section elementor-element elementor-element-6afea8c elementor-section-stretched elementor-section-boxed elementor-section-height-default elementor-section-height-default\" data-id=\"6afea8c\" data-element_type=\"section\" data-e-type=\"section\" data-settings=\"{&quot;stretch_section&quot;:&quot;section-stretched&quot;,&quot;background_background&quot;:&quot;classic&quot;}\">\n\t\t\t\t\t\t<div class=\"elementor-container elementor-column-gap-default\">\n\t\t\t\t\t<div class=\"elementor-column elementor-col-100 elementor-top-column elementor-element elementor-element-e060f6f\" data-id=\"e060f6f\" data-element_type=\"column\" data-e-type=\"column\">\n\t\t\t<div class=\"elementor-widget-wrap elementor-element-populated\">\n\t\t\t\t\t\t<section class=\"elementor-section elementor-inner-section elementor-element elementor-element-f3285cb elementor-section-boxed elementor-section-height-default elementor-section-height-default\" data-id=\"f3285cb\" data-element_type=\"section\" data-e-type=\"section\">\n\t\t\t\t\t\t<div class=\"elementor-container elementor-column-gap-default\">\n\t\t\t\t\t<div class=\"elementor-column elementor-col-100 elementor-inner-column elementor-element elementor-element-511d5a2\" data-id=\"511d5a2\" data-element_type=\"column\" data-e-type=\"column\">\n\t\t\t<div class=\"elementor-widget-wrap elementor-element-populated\">\n\t\t\t\t\t\t<div class=\"elementor-element elementor-element-c5a23a3 elementor-widget elementor-widget-heading\" data-id=\"c5a23a3\" data-element_type=\"widget\" data-e-type=\"widget\" data-widget_type=\"heading.default\">\n\t\t\t\t<div class=\"elementor-widget-container\">\n\t\t\t\t\t<h4 class=\"elementor-heading-title elementor-size-default\">Representantes<\/h4>\t\t\t\t<\/div>\n\t\t\t\t<\/div>\n\t\t\t\t\t<\/div>\n\t\t<\/div>\n\t\t\t\t\t<\/div>\n\t\t<\/section>\n\t\t\t\t<section class=\"elementor-section elementor-inner-section elementor-element elementor-element-ba2ddbb elementor-section-boxed elementor-section-height-default elementor-section-height-default\" data-id=\"ba2ddbb\" data-element_type=\"section\" data-e-type=\"section\">\n\t\t\t\t\t\t<div class=\"elementor-container elementor-column-gap-default\">\n\t\t\t\t\t<div class=\"elementor-column elementor-col-50 elementor-inner-column elementor-element elementor-element-30ed253\" data-id=\"30ed253\" data-element_type=\"column\" data-e-type=\"column\">\n\t\t\t<div class=\"elementor-widget-wrap elementor-element-populated\">\n\t\t\t\t\t\t<div class=\"elementor-element elementor-element-dac4b09 elementor-widget elementor-widget-heading\" data-id=\"dac4b09\" data-element_type=\"widget\" data-e-type=\"widget\" data-widget_type=\"heading.default\">\n\t\t\t\t<div class=\"elementor-widget-container\">\n\t\t\t\t\t<h4 class=\"elementor-heading-title elementor-size-default\">Blumenau - Unisigns Brasil Ltda<\/h4>\t\t\t\t<\/div>\n\t\t\t\t<\/div>\n\t\t\t\t<div class=\"elementor-element elementor-element-c76d5a3 elementor-widget elementor-widget-text-editor\" data-id=\"c76d5a3\" data-element_type=\"widget\" data-e-type=\"widget\" data-widget_type=\"text-editor.default\">\n\t\t\t\t<div class=\"elementor-widget-container\">\n\t\t\t\t\t\t\t\t\t<p>Rua Werner Duwe, 3601 &#8211; Badenfurt &#8211; Blumenau SC<br \/>Contacto: (47) 3306-7717<\/p>\t\t\t\t\t\t\t\t<\/div>\n\t\t\t\t<\/div>\n\t\t\t\t\t<\/div>\n\t\t<\/div>\n\t\t\t\t<div class=\"elementor-column elementor-col-50 elementor-inner-column elementor-element elementor-element-3bf0565\" data-id=\"3bf0565\" data-element_type=\"column\" data-e-type=\"column\">\n\t\t\t<div class=\"elementor-widget-wrap elementor-element-populated\">\n\t\t\t\t\t\t<div class=\"elementor-element elementor-element-4f7e189 elementor-widget elementor-widget-heading\" data-id=\"4f7e189\" data-element_type=\"widget\" data-e-type=\"widget\" data-widget_type=\"heading.default\">\n\t\t\t\t<div class=\"elementor-widget-container\">\n\t\t\t\t\t<h4 class=\"elementor-heading-title elementor-size-default\">Minas Gerais - SILK E ARTE<\/h4>\t\t\t\t<\/div>\n\t\t\t\t<\/div>\n\t\t\t\t<div class=\"elementor-element elementor-element-de76f84 elementor-widget elementor-widget-text-editor\" data-id=\"de76f84\" data-element_type=\"widget\" data-e-type=\"widget\" data-widget_type=\"text-editor.default\">\n\t\t\t\t<div class=\"elementor-widget-container\">\n\t\t\t\t\t\t\t\t\t<p>Rua do Tanque, 458 &#8211; Centro &#8211; Monte Si\u00e3o MG<br \/>Contacto: (35) 99196-6179<\/p>\t\t\t\t\t\t\t\t<\/div>\n\t\t\t\t<\/div>\n\t\t\t\t\t<\/div>\n\t\t<\/div>\n\t\t\t\t\t<\/div>\n\t\t<\/section>\n\t\t\t\t\t<\/div>\n\t\t<\/div>\n\t\t\t\t\t<\/div>\n\t\t<\/section>\n\t\t\t\t<\/div>\n\t\t","protected":false},"excerpt":{"rendered":"<p>Mercados T\u00eaxtil L\u00edder absoluto en el mercado textil, Crown do Brasil tiene dos l\u00edneas de productos desarrolladas espec\u00edficamente para el sector, lo que se traduce en<span class=\"excerpt-hellip\"> [\u2026]<\/span><\/p>\n","protected":false},"author":1,"featured_media":0,"parent":5328,"menu_order":0,"comment_status":"closed","ping_status":"closed","template":"","meta":{"footnotes":""},"class_list":["post-5606","page","type-page","status-publish","hentry"],"acf":[],"_links":{"self":[{"href":"https:\/\/crowndobrasil.com.br\/es\/wp-json\/wp\/v2\/pages\/5606\/"}],"collection":[{"href":"https:\/\/crowndobrasil.com.br\/es\/wp-json\/wp\/v2\/pages\/"}],"about":[{"href":"https:\/\/crowndobrasil.com.br\/es\/wp-json\/wp\/v2\/types\/page\/"}],"author":[{"embeddable":true,"href":"https:\/\/crowndobrasil.com.br\/es\/wp-json\/wp\/v2\/users\/1\/"}],"replies":[{"embeddable":true,"href":"https:\/\/crowndobrasil.com.br\/es\/wp-json\/wp\/v2\/comments\/?post=5606"}],"version-history":[{"count":4,"href":"https:\/\/crowndobrasil.com.br\/es\/wp-json\/wp\/v2\/pages\/5606\/revisions\/"}],"predecessor-version":[{"id":5610,"href":"https:\/\/crowndobrasil.com.br\/es\/wp-json\/wp\/v2\/pages\/5606\/revisions\/5610\/"}],"up":[{"embeddable":true,"href":"https:\/\/crowndobrasil.com.br\/es\/wp-json\/wp\/v2\/pages\/5328\/"}],"wp:attachment":[{"href":"https:\/\/crowndobrasil.com.br\/es\/wp-json\/wp\/v2\/media\/?parent=5606"}],"curies":[{"name":"wp","href":"https:\/\/api.w.org\/{rel}","templated":true}]}}