{"id":5583,"date":"2026-02-05T15:42:38","date_gmt":"2026-02-05T18:42:38","guid":{"rendered":"https:\/\/crowndobrasil.com.br\/?page_id=5583"},"modified":"2026-04-06T11:57:09","modified_gmt":"2026-04-06T14:57:09","slug":"hologramas-de-seguridad","status":"publish","type":"page","link":"https:\/\/crowndobrasil.com.br\/es\/mercados\/hologramas-de-seguridad\/","title":{"rendered":"Hologramas de Seguridad"},"content":{"rendered":"\t\t<div data-elementor-type=\"wp-page\" data-elementor-id=\"5583\" class=\"elementor elementor-5583\">\n\t\t\t\t\t\t<section class=\"elementor-section elementor-top-section elementor-element elementor-element-8d911e6 elementor-section-stretched elementor-section-boxed elementor-section-height-default elementor-section-height-default\" data-id=\"8d911e6\" data-element_type=\"section\" data-e-type=\"section\" data-settings=\"{&quot;stretch_section&quot;:&quot;section-stretched&quot;,&quot;background_background&quot;:&quot;classic&quot;}\">\n\t\t\t\t\t\t<div class=\"elementor-container elementor-column-gap-wider\">\n\t\t\t\t\t<div class=\"elementor-column elementor-col-100 elementor-top-column elementor-element elementor-element-129ead8\" data-id=\"129ead8\" data-element_type=\"column\" data-e-type=\"column\">\n\t\t\t<div class=\"elementor-widget-wrap elementor-element-populated\">\n\t\t\t\t\t\t<section class=\"elementor-section elementor-inner-section elementor-element elementor-element-50243f8 elementor-section-boxed elementor-section-height-default elementor-section-height-default\" data-id=\"50243f8\" data-element_type=\"section\" data-e-type=\"section\">\n\t\t\t\t\t\t<div class=\"elementor-container elementor-column-gap-default\">\n\t\t\t\t\t<div class=\"elementor-column elementor-col-50 elementor-inner-column elementor-element elementor-element-1a04cb9\" data-id=\"1a04cb9\" data-element_type=\"column\" data-e-type=\"column\">\n\t\t\t<div class=\"elementor-widget-wrap elementor-element-populated\">\n\t\t\t\t\t\t<div class=\"elementor-element elementor-element-06d5e71 elementor-widget elementor-widget-text-editor\" data-id=\"06d5e71\" data-element_type=\"widget\" data-e-type=\"widget\" data-widget_type=\"text-editor.default\">\n\t\t\t\t<div class=\"elementor-widget-container\">\n\t\t\t\t\t\t\t\t\t<h6><span style=\"color: #feba4d;\">Mercados<\/span><\/h6>\n<h2><span style=\"color: #fff;\">Hologramas de Seguridad<\/span><\/h2>\t\t\t\t\t\t\t\t<\/div>\n\t\t\t\t<\/div>\n\t\t\t\t\t<\/div>\n\t\t<\/div>\n\t\t\t\t<div class=\"elementor-column elementor-col-50 elementor-inner-column elementor-element elementor-element-310dabf\" data-id=\"310dabf\" data-element_type=\"column\" data-e-type=\"column\">\n\t\t\t<div class=\"elementor-widget-wrap\">\n\t\t\t\t\t\t\t<\/div>\n\t\t<\/div>\n\t\t\t\t\t<\/div>\n\t\t<\/section>\n\t\t\t\t\t<\/div>\n\t\t<\/div>\n\t\t\t\t\t<\/div>\n\t\t<\/section>\n\t\t\t\t<section class=\"elementor-section elementor-top-section elementor-element elementor-element-f69c379 elementor-section-stretched elementor-section-boxed elementor-section-height-default elementor-section-height-default\" data-id=\"f69c379\" data-element_type=\"section\" data-e-type=\"section\" data-settings=\"{&quot;stretch_section&quot;:&quot;section-stretched&quot;}\">\n\t\t\t\t\t\t<div class=\"elementor-container elementor-column-gap-wider\">\n\t\t\t\t\t<div class=\"elementor-column elementor-col-100 elementor-top-column elementor-element elementor-element-5b32dc5\" data-id=\"5b32dc5\" data-element_type=\"column\" data-e-type=\"column\">\n\t\t\t<div class=\"elementor-widget-wrap elementor-element-populated\">\n\t\t\t\t\t\t<section class=\"elementor-section elementor-inner-section elementor-element elementor-element-4864243 elementor-section-content-middle elementor-section-boxed elementor-section-height-default elementor-section-height-default\" data-id=\"4864243\" data-element_type=\"section\" data-e-type=\"section\">\n\t\t\t\t\t\t<div class=\"elementor-container elementor-column-gap-wider\">\n\t\t\t\t\t<div class=\"elementor-column elementor-col-50 elementor-inner-column elementor-element elementor-element-90a7229\" data-id=\"90a7229\" data-element_type=\"column\" data-e-type=\"column\">\n\t\t\t<div class=\"elementor-widget-wrap elementor-element-populated\">\n\t\t\t\t\t\t<div class=\"elementor-element elementor-element-d467880 elementor-widget elementor-widget-heading\" data-id=\"d467880\" data-element_type=\"widget\" data-e-type=\"widget\" data-widget_type=\"heading.default\">\n\t\t\t\t<div class=\"elementor-widget-container\">\n\t\t\t\t\t<h4 class=\"elementor-heading-title elementor-size-default\">Los hologramas tienen una caracter\u00edstica \u00fanica, son personalizados seg\u00fan las necesidades y el arte de cada cliente, y por esta raz\u00f3n se utilizan para dar autenticidad a los productos m\u00e1s diversos.<\/h4>\t\t\t\t<\/div>\n\t\t\t\t<\/div>\n\t\t\t\t<div class=\"elementor-element elementor-element-a15dbc7 elementor-widget elementor-widget-text-editor\" data-id=\"a15dbc7\" data-element_type=\"widget\" data-e-type=\"widget\" data-widget_type=\"text-editor.default\">\n\t\t\t\t<div class=\"elementor-widget-container\">\n\t\t\t\t\t\t\t\t\t<p data-block-id=\"block-580bbdf0-e580-40ea-80e4-330f515b814a\">Contamos con la tecnolog\u00eda m\u00e1s avanzada para fabricar hologramas que evitan la falsificaci\u00f3n y prueban la autenticidad de productos y documentos.<\/p><p data-block-id=\"block-f7b17a25-dc0f-455e-a5ca-6e3574fd6bb6\">Todo el proceso de fabricaci\u00f3n se lleva a cabo internamente sin necesidad de subcontratar ning\u00fan paso, garantizando absoluta confidencialidad y seguridad.<\/p>\t\t\t\t\t\t\t\t<\/div>\n\t\t\t\t<\/div>\n\t\t\t\t\t<\/div>\n\t\t<\/div>\n\t\t\t\t<div class=\"elementor-column elementor-col-50 elementor-inner-column elementor-element elementor-element-6222724\" data-id=\"6222724\" data-element_type=\"column\" data-e-type=\"column\">\n\t\t\t<div class=\"elementor-widget-wrap elementor-element-populated\">\n\t\t\t\t\t\t<div class=\"elementor-element elementor-element-e5ae7d4 elementor-widget elementor-widget-image\" data-id=\"e5ae7d4\" data-element_type=\"widget\" data-e-type=\"widget\" data-widget_type=\"image.default\">\n\t\t\t\t<div class=\"elementor-widget-container\">\n\t\t\t\t\t\t\t\t\t\t\t\t\t\t\t<img fetchpriority=\"high\" decoding=\"async\" width=\"1000\" height=\"667\" src=\"https:\/\/crowndobrasil.com.br\/wp-content\/uploads\/2025\/04\/capa-hologramas-de-seguranca.png\" class=\"attachment-large size-large wp-image-4440\" alt=\"\" srcset=\"https:\/\/crowndobrasil.com.br\/wp-content\/uploads\/2025\/04\/capa-hologramas-de-seguranca.png 1000w, https:\/\/crowndobrasil.com.br\/wp-content\/uploads\/2025\/04\/capa-hologramas-de-seguranca-300x200.png 300w, https:\/\/crowndobrasil.com.br\/wp-content\/uploads\/2025\/04\/capa-hologramas-de-seguranca-768x512.png 768w, https:\/\/crowndobrasil.com.br\/wp-content\/uploads\/2025\/04\/capa-hologramas-de-seguranca-219x146.png 219w, https:\/\/crowndobrasil.com.br\/wp-content\/uploads\/2025\/04\/capa-hologramas-de-seguranca-50x33.png 50w, https:\/\/crowndobrasil.com.br\/wp-content\/uploads\/2025\/04\/capa-hologramas-de-seguranca-112x75.png 112w\" sizes=\"(max-width: 1000px) 100vw, 1000px\" \/>\t\t\t\t\t\t\t\t\t\t\t\t\t\t\t<\/div>\n\t\t\t\t<\/div>\n\t\t\t\t\t<\/div>\n\t\t<\/div>\n\t\t\t\t\t<\/div>\n\t\t<\/section>\n\t\t\t\t\t<\/div>\n\t\t<\/div>\n\t\t\t\t\t<\/div>\n\t\t<\/section>\n\t\t\t\t<\/div>\n\t\t","protected":false},"excerpt":{"rendered":"<p>Mercados Hologramas de Seguridad Los hologramas tienen una caracter\u00edstica \u00fanica, son personalizados seg\u00fan las necesidades y el arte de cada cliente, y por esta raz\u00f3n se<span class=\"excerpt-hellip\"> [\u2026]<\/span><\/p>\n","protected":false},"author":1,"featured_media":0,"parent":5328,"menu_order":0,"comment_status":"closed","ping_status":"closed","template":"","meta":{"_acf_changed":false,"footnotes":""},"class_list":["post-5583","page","type-page","status-publish","hentry"],"acf":[],"_links":{"self":[{"href":"https:\/\/crowndobrasil.com.br\/es\/wp-json\/wp\/v2\/pages\/5583\/"}],"collection":[{"href":"https:\/\/crowndobrasil.com.br\/es\/wp-json\/wp\/v2\/pages\/"}],"about":[{"href":"https:\/\/crowndobrasil.com.br\/es\/wp-json\/wp\/v2\/types\/page\/"}],"author":[{"embeddable":true,"href":"https:\/\/crowndobrasil.com.br\/es\/wp-json\/wp\/v2\/users\/1\/"}],"replies":[{"embeddable":true,"href":"https:\/\/crowndobrasil.com.br\/es\/wp-json\/wp\/v2\/comments\/?post=5583"}],"version-history":[{"count":7,"href":"https:\/\/crowndobrasil.com.br\/es\/wp-json\/wp\/v2\/pages\/5583\/revisions\/"}],"predecessor-version":[{"id":6335,"href":"https:\/\/crowndobrasil.com.br\/es\/wp-json\/wp\/v2\/pages\/5583\/revisions\/6335\/"}],"up":[{"embeddable":true,"href":"https:\/\/crowndobrasil.com.br\/es\/wp-json\/wp\/v2\/pages\/5328\/"}],"wp:attachment":[{"href":"https:\/\/crowndobrasil.com.br\/es\/wp-json\/wp\/v2\/media\/?parent=5583"}],"curies":[{"name":"wp","href":"https:\/\/api.w.org\/{rel}","templated":true}]}}