{"id":5578,"date":"2026-02-05T15:38:30","date_gmt":"2026-02-05T18:38:30","guid":{"rendered":"https:\/\/crowndobrasil.com.br\/?page_id=5578"},"modified":"2026-04-06T11:57:14","modified_gmt":"2026-04-06T14:57:14","slug":"impresion-rotativa","status":"publish","type":"page","link":"https:\/\/crowndobrasil.com.br\/es\/mercados\/impresion-rotativa\/","title":{"rendered":"Impresi\u00f3n Rotativa"},"content":{"rendered":"\t\t<div data-elementor-type=\"wp-page\" data-elementor-id=\"5578\" class=\"elementor elementor-5578\">\n\t\t\t\t\t\t<section class=\"elementor-section elementor-top-section elementor-element elementor-element-8d911e6 elementor-section-stretched elementor-section-boxed elementor-section-height-default elementor-section-height-default\" data-id=\"8d911e6\" data-element_type=\"section\" data-e-type=\"section\" data-settings=\"{&quot;stretch_section&quot;:&quot;section-stretched&quot;,&quot;background_background&quot;:&quot;classic&quot;}\">\n\t\t\t\t\t\t<div class=\"elementor-container elementor-column-gap-wider\">\n\t\t\t\t\t<div class=\"elementor-column elementor-col-100 elementor-top-column elementor-element elementor-element-129ead8\" data-id=\"129ead8\" data-element_type=\"column\" data-e-type=\"column\">\n\t\t\t<div class=\"elementor-widget-wrap elementor-element-populated\">\n\t\t\t\t\t\t<section class=\"elementor-section elementor-inner-section elementor-element elementor-element-50243f8 elementor-section-boxed elementor-section-height-default elementor-section-height-default\" data-id=\"50243f8\" data-element_type=\"section\" data-e-type=\"section\">\n\t\t\t\t\t\t<div class=\"elementor-container elementor-column-gap-default\">\n\t\t\t\t\t<div class=\"elementor-column elementor-col-50 elementor-inner-column elementor-element elementor-element-1a04cb9\" data-id=\"1a04cb9\" data-element_type=\"column\" data-e-type=\"column\">\n\t\t\t<div class=\"elementor-widget-wrap elementor-element-populated\">\n\t\t\t\t\t\t<div class=\"elementor-element elementor-element-06d5e71 elementor-widget elementor-widget-text-editor\" data-id=\"06d5e71\" data-element_type=\"widget\" data-e-type=\"widget\" data-widget_type=\"text-editor.default\">\n\t\t\t\t<div class=\"elementor-widget-container\">\n\t\t\t\t\t\t\t\t\t<h6><span style=\"color: #feba4d;\">Mercados<\/span><\/h6>\n<h2><span style=\"color: #fff;\">Impresi\u00f3n Rotativa<\/span><\/h2>\t\t\t\t\t\t\t\t<\/div>\n\t\t\t\t<\/div>\n\t\t\t\t\t<\/div>\n\t\t<\/div>\n\t\t\t\t<div class=\"elementor-column elementor-col-50 elementor-inner-column elementor-element elementor-element-310dabf\" data-id=\"310dabf\" data-element_type=\"column\" data-e-type=\"column\">\n\t\t\t<div class=\"elementor-widget-wrap\">\n\t\t\t\t\t\t\t<\/div>\n\t\t<\/div>\n\t\t\t\t\t<\/div>\n\t\t<\/section>\n\t\t\t\t\t<\/div>\n\t\t<\/div>\n\t\t\t\t\t<\/div>\n\t\t<\/section>\n\t\t\t\t<section class=\"elementor-section elementor-top-section elementor-element elementor-element-f69c379 elementor-section-stretched elementor-section-boxed elementor-section-height-default elementor-section-height-default\" data-id=\"f69c379\" data-element_type=\"section\" data-e-type=\"section\" data-settings=\"{&quot;stretch_section&quot;:&quot;section-stretched&quot;}\">\n\t\t\t\t\t\t<div class=\"elementor-container elementor-column-gap-wider\">\n\t\t\t\t\t<div class=\"elementor-column elementor-col-100 elementor-top-column elementor-element elementor-element-5b32dc5\" data-id=\"5b32dc5\" data-element_type=\"column\" data-e-type=\"column\">\n\t\t\t<div class=\"elementor-widget-wrap elementor-element-populated\">\n\t\t\t\t\t\t<section class=\"elementor-section elementor-inner-section elementor-element elementor-element-4864243 elementor-section-content-middle elementor-section-boxed elementor-section-height-default elementor-section-height-default\" data-id=\"4864243\" data-element_type=\"section\" data-e-type=\"section\">\n\t\t\t\t\t\t<div class=\"elementor-container elementor-column-gap-wider\">\n\t\t\t\t\t<div class=\"elementor-column elementor-col-50 elementor-inner-column elementor-element elementor-element-90a7229\" data-id=\"90a7229\" data-element_type=\"column\" data-e-type=\"column\">\n\t\t\t<div class=\"elementor-widget-wrap elementor-element-populated\">\n\t\t\t\t\t\t<div class=\"elementor-element elementor-element-d467880 elementor-widget elementor-widget-heading\" data-id=\"d467880\" data-element_type=\"widget\" data-e-type=\"widget\" data-widget_type=\"heading.default\">\n\t\t\t\t<div class=\"elementor-widget-container\">\n\t\t\t\t\t<h4 class=\"elementor-heading-title elementor-size-default\">Las cintas de Cold Stamping de Crown do Brasil tienen calidad reconocida por el mercado de flexograf\u00eda de banda estrecha.<\/h4>\t\t\t\t<\/div>\n\t\t\t\t<\/div>\n\t\t\t\t<div class=\"elementor-element elementor-element-a15dbc7 elementor-widget elementor-widget-text-editor\" data-id=\"a15dbc7\" data-element_type=\"widget\" data-e-type=\"widget\" data-widget_type=\"text-editor.default\">\n\t\t\t\t<div class=\"elementor-widget-container\">\n\t\t\t\t\t\t\t\t\t<p>Proveedor oficial de las principales empresas fabricantes de m\u00e1quinas, el producto es notablemente conocido por su calidad de impresi\u00f3n, velocidad de aplicaci\u00f3n y excelentes propiedades de sobreimpresi\u00f3n.<\/p>\t\t\t\t\t\t\t\t<\/div>\n\t\t\t\t<\/div>\n\t\t\t\t\t<\/div>\n\t\t<\/div>\n\t\t\t\t<div class=\"elementor-column elementor-col-50 elementor-inner-column elementor-element elementor-element-6222724\" data-id=\"6222724\" data-element_type=\"column\" data-e-type=\"column\">\n\t\t\t<div class=\"elementor-widget-wrap elementor-element-populated\">\n\t\t\t\t\t\t<div class=\"elementor-element elementor-element-e5ae7d4 elementor-widget elementor-widget-image\" data-id=\"e5ae7d4\" data-element_type=\"widget\" data-e-type=\"widget\" data-widget_type=\"image.default\">\n\t\t\t\t<div class=\"elementor-widget-container\">\n\t\t\t\t\t\t\t\t\t\t\t\t\t\t\t<img fetchpriority=\"high\" decoding=\"async\" width=\"1000\" height=\"667\" src=\"https:\/\/crowndobrasil.com.br\/wp-content\/uploads\/2025\/04\/capa-grafica-rotativa.png\" class=\"attachment-large size-large wp-image-4438\" alt=\"\" srcset=\"https:\/\/crowndobrasil.com.br\/wp-content\/uploads\/2025\/04\/capa-grafica-rotativa.png 1000w, https:\/\/crowndobrasil.com.br\/wp-content\/uploads\/2025\/04\/capa-grafica-rotativa-300x200.png 300w, https:\/\/crowndobrasil.com.br\/wp-content\/uploads\/2025\/04\/capa-grafica-rotativa-768x512.png 768w, https:\/\/crowndobrasil.com.br\/wp-content\/uploads\/2025\/04\/capa-grafica-rotativa-219x146.png 219w, https:\/\/crowndobrasil.com.br\/wp-content\/uploads\/2025\/04\/capa-grafica-rotativa-50x33.png 50w, https:\/\/crowndobrasil.com.br\/wp-content\/uploads\/2025\/04\/capa-grafica-rotativa-112x75.png 112w\" sizes=\"(max-width: 1000px) 100vw, 1000px\" \/>\t\t\t\t\t\t\t\t\t\t\t\t\t\t\t<\/div>\n\t\t\t\t<\/div>\n\t\t\t\t\t<\/div>\n\t\t<\/div>\n\t\t\t\t\t<\/div>\n\t\t<\/section>\n\t\t\t\t\t<\/div>\n\t\t<\/div>\n\t\t\t\t\t<\/div>\n\t\t<\/section>\n\t\t\t\t<section class=\"elementor-section elementor-top-section elementor-element elementor-element-a8161e9 elementor-section-stretched elementor-section-boxed elementor-section-height-default elementor-section-height-default\" data-id=\"a8161e9\" data-element_type=\"section\" data-e-type=\"section\" data-settings=\"{&quot;stretch_section&quot;:&quot;section-stretched&quot;,&quot;background_background&quot;:&quot;classic&quot;}\">\n\t\t\t\t\t\t<div class=\"elementor-container elementor-column-gap-default\">\n\t\t\t\t\t<div class=\"elementor-column elementor-col-100 elementor-top-column elementor-element elementor-element-4ae5170\" data-id=\"4ae5170\" data-element_type=\"column\" data-e-type=\"column\">\n\t\t\t<div class=\"elementor-widget-wrap elementor-element-populated\">\n\t\t\t\t\t\t<section class=\"elementor-section elementor-inner-section elementor-element elementor-element-42483ca elementor-section-boxed elementor-section-height-default elementor-section-height-default\" data-id=\"42483ca\" data-element_type=\"section\" data-e-type=\"section\">\n\t\t\t\t\t\t<div class=\"elementor-container elementor-column-gap-wider\">\n\t\t\t\t\t<div class=\"elementor-column elementor-col-50 elementor-inner-column elementor-element elementor-element-49b8f69\" data-id=\"49b8f69\" data-element_type=\"column\" data-e-type=\"column\">\n\t\t\t<div class=\"elementor-widget-wrap elementor-element-populated\">\n\t\t\t\t\t\t<div class=\"elementor-element elementor-element-180c3a9 elementor-widget elementor-widget-video\" data-id=\"180c3a9\" data-element_type=\"widget\" data-e-type=\"widget\" data-settings=\"{&quot;youtube_url&quot;:&quot;https:\\\/\\\/www.youtube.com\\\/watch?v=rtvRC6wj1iQ&quot;,&quot;video_type&quot;:&quot;youtube&quot;,&quot;controls&quot;:&quot;yes&quot;}\" data-widget_type=\"video.default\">\n\t\t\t\t<div class=\"elementor-widget-container\">\n\t\t\t\t\t\t\t<div class=\"elementor-wrapper elementor-open-inline\">\n\t\t\t<div class=\"elementor-video\"><\/div>\t\t<\/div>\n\t\t\t\t\t\t<\/div>\n\t\t\t\t<\/div>\n\t\t\t\t\t<\/div>\n\t\t<\/div>\n\t\t\t\t<div class=\"elementor-column elementor-col-50 elementor-inner-column elementor-element elementor-element-366e142\" data-id=\"366e142\" data-element_type=\"column\" data-e-type=\"column\">\n\t\t\t<div class=\"elementor-widget-wrap elementor-element-populated\">\n\t\t\t\t\t\t<div class=\"elementor-element elementor-element-9a757dd elementor-widget elementor-widget-heading\" data-id=\"9a757dd\" data-element_type=\"widget\" data-e-type=\"widget\" data-widget_type=\"heading.default\">\n\t\t\t\t<div class=\"elementor-widget-container\">\n\t\t\t\t\t<h4 class=\"elementor-heading-title elementor-size-default\">Cold Stamping Doble Cara<\/h4>\t\t\t\t<\/div>\n\t\t\t\t<\/div>\n\t\t\t\t<div class=\"elementor-element elementor-element-894b6cb elementor-widget elementor-widget-text-editor\" data-id=\"894b6cb\" data-element_type=\"widget\" data-e-type=\"widget\" data-widget_type=\"text-editor.default\">\n\t\t\t\t<div class=\"elementor-widget-container\">\n\t\t\t\t\t\t\t\t\t<p data-block-id=\"block-e90b24e6-80a5-40cb-acae-19a54f6f16d4\">En este proyecto, el Cold Stamping se aplic\u00f3 internamente a la Manga, lo que solo fue posible porque nuestros materiales son de Doble Cara (efecto similar en ambos lados). Esta opci\u00f3n est\u00e1 disponible en plata, en cuatro patrones hologr\u00e1ficos y en un patr\u00f3n especial de Cold Stamping Dorado con esta caracter\u00edstica.<\/p>\n<p data-block-id=\"block-611896a1-f8b3-4230-a6be-a4a3e20cf7d1\">Para m\u00e1s informaci\u00f3n, hable con su Consultor de Ventas o contacte a Crown do Brasil. Para seguir el contenido de Crown do Brasil en las redes sociales, simplemente siga nuestros canales de redes sociales:<\/p>\n<p data-block-id=\"block-c27add00-615e-4c2b-9c80-b663009f5dbf\"><strong>Facebook:<\/strong> <a href=\"https:\/\/www.facebook.com\/crownfoil\/\" target=\"_blank\" rel=\"noopener\" data-link-card=\"true\">https:\/\/www.facebook.com\/crownfoil\/<\/a><\/p>\n<p data-block-id=\"block-e80f1b20-5a49-45e2-940b-6f92e84ca82f\"><strong>Instagram:<\/strong> <a href=\"https:\/\/instagram.com\/crown_brasil\" target=\"_blank\" rel=\"noopener\" data-link-card=\"true\">https:\/\/instagram.com\/crown_brasil<\/a><\/p>\n<p data-block-id=\"block-988cb2f1-6847-45b7-a72a-d4bde9d95209\">\u00a1Queremos que est\u00e9s con nosotros!<\/p>\t\t\t\t\t\t\t\t<\/div>\n\t\t\t\t<\/div>\n\t\t\t\t\t<\/div>\n\t\t<\/div>\n\t\t\t\t\t<\/div>\n\t\t<\/section>\n\t\t\t\t\t<\/div>\n\t\t<\/div>\n\t\t\t\t\t<\/div>\n\t\t<\/section>\n\t\t\t\t<\/div>\n\t\t","protected":false},"excerpt":{"rendered":"<p>Mercados Impresi\u00f3n Rotativa Las cintas de Cold Stamping de Crown do Brasil tienen calidad reconocida por el mercado de flexograf\u00eda de banda estrecha. Proveedor oficial de<span class=\"excerpt-hellip\"> [\u2026]<\/span><\/p>\n","protected":false},"author":1,"featured_media":0,"parent":5328,"menu_order":0,"comment_status":"closed","ping_status":"closed","template":"","meta":{"_acf_changed":false,"footnotes":""},"class_list":["post-5578","page","type-page","status-publish","hentry"],"acf":[],"_links":{"self":[{"href":"https:\/\/crowndobrasil.com.br\/es\/wp-json\/wp\/v2\/pages\/5578\/"}],"collection":[{"href":"https:\/\/crowndobrasil.com.br\/es\/wp-json\/wp\/v2\/pages\/"}],"about":[{"href":"https:\/\/crowndobrasil.com.br\/es\/wp-json\/wp\/v2\/types\/page\/"}],"author":[{"embeddable":true,"href":"https:\/\/crowndobrasil.com.br\/es\/wp-json\/wp\/v2\/users\/1\/"}],"replies":[{"embeddable":true,"href":"https:\/\/crowndobrasil.com.br\/es\/wp-json\/wp\/v2\/comments\/?post=5578"}],"version-history":[{"count":7,"href":"https:\/\/crowndobrasil.com.br\/es\/wp-json\/wp\/v2\/pages\/5578\/revisions\/"}],"predecessor-version":[{"id":6338,"href":"https:\/\/crowndobrasil.com.br\/es\/wp-json\/wp\/v2\/pages\/5578\/revisions\/6338\/"}],"up":[{"embeddable":true,"href":"https:\/\/crowndobrasil.com.br\/es\/wp-json\/wp\/v2\/pages\/5328\/"}],"wp:attachment":[{"href":"https:\/\/crowndobrasil.com.br\/es\/wp-json\/wp\/v2\/media\/?parent=5578"}],"curies":[{"name":"wp","href":"https:\/\/api.w.org\/{rel}","templated":true}]}}