{"id":5573,"date":"2026-02-05T15:34:14","date_gmt":"2026-02-05T18:34:14","guid":{"rendered":"https:\/\/crowndobrasil.com.br\/?page_id=5573"},"modified":"2026-04-06T11:57:22","modified_gmt":"2026-04-06T14:57:22","slug":"impresion-plana","status":"publish","type":"page","link":"https:\/\/crowndobrasil.com.br\/es\/mercados\/impresion-plana\/","title":{"rendered":"Impresi\u00f3n Plana"},"content":{"rendered":"\t\t<div data-elementor-type=\"wp-page\" data-elementor-id=\"5573\" class=\"elementor elementor-5573\">\n\t\t\t\t\t\t<section class=\"elementor-section elementor-top-section elementor-element elementor-element-8d911e6 elementor-section-stretched elementor-section-boxed elementor-section-height-default elementor-section-height-default\" data-id=\"8d911e6\" data-element_type=\"section\" data-e-type=\"section\" data-settings=\"{&quot;stretch_section&quot;:&quot;section-stretched&quot;,&quot;background_background&quot;:&quot;classic&quot;}\">\n\t\t\t\t\t\t<div class=\"elementor-container elementor-column-gap-wider\">\n\t\t\t\t\t<div class=\"elementor-column elementor-col-100 elementor-top-column elementor-element elementor-element-129ead8\" data-id=\"129ead8\" data-element_type=\"column\" data-e-type=\"column\">\n\t\t\t<div class=\"elementor-widget-wrap elementor-element-populated\">\n\t\t\t\t\t\t<section class=\"elementor-section elementor-inner-section elementor-element elementor-element-50243f8 elementor-section-boxed elementor-section-height-default elementor-section-height-default\" data-id=\"50243f8\" data-element_type=\"section\" data-e-type=\"section\">\n\t\t\t\t\t\t<div class=\"elementor-container elementor-column-gap-default\">\n\t\t\t\t\t<div class=\"elementor-column elementor-col-50 elementor-inner-column elementor-element elementor-element-1a04cb9\" data-id=\"1a04cb9\" data-element_type=\"column\" data-e-type=\"column\">\n\t\t\t<div class=\"elementor-widget-wrap elementor-element-populated\">\n\t\t\t\t\t\t<div class=\"elementor-element elementor-element-06d5e71 elementor-widget elementor-widget-text-editor\" data-id=\"06d5e71\" data-element_type=\"widget\" data-e-type=\"widget\" data-widget_type=\"text-editor.default\">\n\t\t\t\t<div class=\"elementor-widget-container\">\n\t\t\t\t\t\t\t\t\t<h6><span style=\"color: #feba4d;\">Mercados<\/span><\/h6>\n<h2><span style=\"color: #fff;\">Impresi\u00f3n Plana<\/span><\/h2>\t\t\t\t\t\t\t\t<\/div>\n\t\t\t\t<\/div>\n\t\t\t\t\t<\/div>\n\t\t<\/div>\n\t\t\t\t<div class=\"elementor-column elementor-col-50 elementor-inner-column elementor-element elementor-element-310dabf\" data-id=\"310dabf\" data-element_type=\"column\" data-e-type=\"column\">\n\t\t\t<div class=\"elementor-widget-wrap\">\n\t\t\t\t\t\t\t<\/div>\n\t\t<\/div>\n\t\t\t\t\t<\/div>\n\t\t<\/section>\n\t\t\t\t\t<\/div>\n\t\t<\/div>\n\t\t\t\t\t<\/div>\n\t\t<\/section>\n\t\t\t\t<section class=\"elementor-section elementor-top-section elementor-element elementor-element-f69c379 elementor-section-stretched elementor-section-boxed elementor-section-height-default elementor-section-height-default\" data-id=\"f69c379\" data-element_type=\"section\" data-e-type=\"section\" data-settings=\"{&quot;stretch_section&quot;:&quot;section-stretched&quot;}\">\n\t\t\t\t\t\t<div class=\"elementor-container elementor-column-gap-wider\">\n\t\t\t\t\t<div class=\"elementor-column elementor-col-100 elementor-top-column elementor-element elementor-element-5b32dc5\" data-id=\"5b32dc5\" data-element_type=\"column\" data-e-type=\"column\">\n\t\t\t<div class=\"elementor-widget-wrap elementor-element-populated\">\n\t\t\t\t\t\t<section class=\"elementor-section elementor-inner-section elementor-element elementor-element-4864243 elementor-section-content-middle elementor-section-boxed elementor-section-height-default elementor-section-height-default\" data-id=\"4864243\" data-element_type=\"section\" data-e-type=\"section\">\n\t\t\t\t\t\t<div class=\"elementor-container elementor-column-gap-wider\">\n\t\t\t\t\t<div class=\"elementor-column elementor-col-50 elementor-inner-column elementor-element elementor-element-90a7229\" data-id=\"90a7229\" data-element_type=\"column\" data-e-type=\"column\">\n\t\t\t<div class=\"elementor-widget-wrap elementor-element-populated\">\n\t\t\t\t\t\t<div class=\"elementor-element elementor-element-d467880 elementor-widget elementor-widget-heading\" data-id=\"d467880\" data-element_type=\"widget\" data-e-type=\"widget\" data-widget_type=\"heading.default\">\n\t\t\t\t<div class=\"elementor-widget-container\">\n\t\t\t\t\t<h4 class=\"elementor-heading-title elementor-size-default\">Crown do Brasil tiene los productos de m\u00e1s alta calidad para aplicaci\u00f3n en los m\u00e1s diversos sustratos, con una amplia variedad de colores met\u00e1licos y patrones hologr\u00e1ficos.<\/h4>\t\t\t\t<\/div>\n\t\t\t\t<\/div>\n\t\t\t\t<div class=\"elementor-element elementor-element-a15dbc7 elementor-widget elementor-widget-text-editor\" data-id=\"a15dbc7\" data-element_type=\"widget\" data-e-type=\"widget\" data-widget_type=\"text-editor.default\">\n\t\t\t\t<div class=\"elementor-widget-container\">\n\t\t\t\t\t\t\t\t\t<p>Tenemos el Hot Stamping ideal, sea cual sea el equipo utilizado.<\/p>\t\t\t\t\t\t\t\t<\/div>\n\t\t\t\t<\/div>\n\t\t\t\t\t<\/div>\n\t\t<\/div>\n\t\t\t\t<div class=\"elementor-column elementor-col-50 elementor-inner-column elementor-element elementor-element-6222724\" data-id=\"6222724\" data-element_type=\"column\" data-e-type=\"column\">\n\t\t\t<div class=\"elementor-widget-wrap elementor-element-populated\">\n\t\t\t\t\t\t<div class=\"elementor-element elementor-element-e5ae7d4 elementor-widget elementor-widget-image\" data-id=\"e5ae7d4\" data-element_type=\"widget\" data-e-type=\"widget\" data-widget_type=\"image.default\">\n\t\t\t\t<div class=\"elementor-widget-container\">\n\t\t\t\t\t\t\t\t\t\t\t\t\t\t\t<img fetchpriority=\"high\" decoding=\"async\" width=\"1000\" height=\"667\" src=\"https:\/\/crowndobrasil.com.br\/wp-content\/uploads\/2025\/04\/capa-grafica-plana.png\" class=\"attachment-large size-large wp-image-4436\" alt=\"\" srcset=\"https:\/\/crowndobrasil.com.br\/wp-content\/uploads\/2025\/04\/capa-grafica-plana.png 1000w, https:\/\/crowndobrasil.com.br\/wp-content\/uploads\/2025\/04\/capa-grafica-plana-300x200.png 300w, https:\/\/crowndobrasil.com.br\/wp-content\/uploads\/2025\/04\/capa-grafica-plana-768x512.png 768w, https:\/\/crowndobrasil.com.br\/wp-content\/uploads\/2025\/04\/capa-grafica-plana-219x146.png 219w, https:\/\/crowndobrasil.com.br\/wp-content\/uploads\/2025\/04\/capa-grafica-plana-50x33.png 50w, https:\/\/crowndobrasil.com.br\/wp-content\/uploads\/2025\/04\/capa-grafica-plana-112x75.png 112w\" sizes=\"(max-width: 1000px) 100vw, 1000px\" \/>\t\t\t\t\t\t\t\t\t\t\t\t\t\t\t<\/div>\n\t\t\t\t<\/div>\n\t\t\t\t\t<\/div>\n\t\t<\/div>\n\t\t\t\t\t<\/div>\n\t\t<\/section>\n\t\t\t\t\t<\/div>\n\t\t<\/div>\n\t\t\t\t\t<\/div>\n\t\t<\/section>\n\t\t\t\t<section class=\"elementor-section elementor-top-section elementor-element elementor-element-a8161e9 elementor-section-stretched elementor-section-boxed elementor-section-height-default elementor-section-height-default\" data-id=\"a8161e9\" data-element_type=\"section\" data-e-type=\"section\" data-settings=\"{&quot;stretch_section&quot;:&quot;section-stretched&quot;,&quot;background_background&quot;:&quot;classic&quot;}\">\n\t\t\t\t\t\t<div class=\"elementor-container elementor-column-gap-default\">\n\t\t\t\t\t<div class=\"elementor-column elementor-col-100 elementor-top-column elementor-element elementor-element-4ae5170\" data-id=\"4ae5170\" data-element_type=\"column\" data-e-type=\"column\">\n\t\t\t<div class=\"elementor-widget-wrap elementor-element-populated\">\n\t\t\t\t\t\t<section class=\"elementor-section elementor-inner-section elementor-element elementor-element-42483ca elementor-section-boxed elementor-section-height-default elementor-section-height-default\" data-id=\"42483ca\" data-element_type=\"section\" data-e-type=\"section\">\n\t\t\t\t\t\t<div class=\"elementor-container elementor-column-gap-wider\">\n\t\t\t\t\t<div class=\"elementor-column elementor-col-50 elementor-inner-column elementor-element elementor-element-49b8f69\" data-id=\"49b8f69\" data-element_type=\"column\" data-e-type=\"column\">\n\t\t\t<div class=\"elementor-widget-wrap elementor-element-populated\">\n\t\t\t\t\t\t<div class=\"elementor-element elementor-element-90efa6e elementor-widget elementor-widget-image\" data-id=\"90efa6e\" data-element_type=\"widget\" data-e-type=\"widget\" data-widget_type=\"image.default\">\n\t\t\t\t<div class=\"elementor-widget-container\">\n\t\t\t\t\t\t\t\t\t\t\t\t\t\t\t<img decoding=\"async\" width=\"1000\" height=\"600\" src=\"https:\/\/crowndobrasil.com.br\/wp-content\/uploads\/2023\/10\/capa-sos-23.jpg\" class=\"attachment-large size-large wp-image-1812\" alt=\"\" srcset=\"https:\/\/crowndobrasil.com.br\/wp-content\/uploads\/2023\/10\/capa-sos-23.jpg 1000w, https:\/\/crowndobrasil.com.br\/wp-content\/uploads\/2023\/10\/capa-sos-23-300x180.jpg 300w, https:\/\/crowndobrasil.com.br\/wp-content\/uploads\/2023\/10\/capa-sos-23-768x461.jpg 768w, https:\/\/crowndobrasil.com.br\/wp-content\/uploads\/2023\/10\/capa-sos-23-243x146.jpg 243w, https:\/\/crowndobrasil.com.br\/wp-content\/uploads\/2023\/10\/capa-sos-23-50x30.jpg 50w, https:\/\/crowndobrasil.com.br\/wp-content\/uploads\/2023\/10\/capa-sos-23-125x75.jpg 125w\" sizes=\"(max-width: 1000px) 100vw, 1000px\" \/>\t\t\t\t\t\t\t\t\t\t\t\t\t\t\t<\/div>\n\t\t\t\t<\/div>\n\t\t\t\t<div class=\"elementor-element elementor-element-180c3a9 elementor-widget elementor-widget-video\" data-id=\"180c3a9\" data-element_type=\"widget\" data-e-type=\"widget\" data-settings=\"{&quot;video_type&quot;:&quot;hosted&quot;,&quot;controls&quot;:&quot;yes&quot;}\" data-widget_type=\"video.default\">\n\t\t\t\t<div class=\"elementor-widget-container\">\n\t\t\t\t\t\t\t<div class=\"e-hosted-video elementor-wrapper elementor-open-inline\">\n\t\t\t\t\t<video class=\"elementor-video\" src=\"https:\/\/crowndobrasil.com.br\/wp-content\/uploads\/2023\/10\/filme-so-23.mp4\" controls=\"\" preload=\"metadata\" controlsList=\"nodownload\"><\/video>\n\t\t\t\t<\/div>\n\t\t\t\t\t\t<\/div>\n\t\t\t\t<\/div>\n\t\t\t\t\t<\/div>\n\t\t<\/div>\n\t\t\t\t<div class=\"elementor-column elementor-col-50 elementor-inner-column elementor-element elementor-element-366e142\" data-id=\"366e142\" data-element_type=\"column\" data-e-type=\"column\">\n\t\t\t<div class=\"elementor-widget-wrap elementor-element-populated\">\n\t\t\t\t\t\t<div class=\"elementor-element elementor-element-9a757dd elementor-widget elementor-widget-heading\" data-id=\"9a757dd\" data-element_type=\"widget\" data-e-type=\"widget\" data-widget_type=\"heading.default\">\n\t\t\t\t<div class=\"elementor-widget-container\">\n\t\t\t\t\t<h4 class=\"elementor-heading-title elementor-size-default\">Conozca la Cinta de Hot Stamping Overprint SO23<\/h4>\t\t\t\t<\/div>\n\t\t\t\t<\/div>\n\t\t\t\t<div class=\"elementor-element elementor-element-894b6cb elementor-widget elementor-widget-text-editor\" data-id=\"894b6cb\" data-element_type=\"widget\" data-e-type=\"widget\" data-widget_type=\"text-editor.default\">\n\t\t\t\t<div class=\"elementor-widget-container\">\n\t\t\t\t\t\t\t\t\t<p data-block-id=\"block-bfc812a9-a36a-49a7-b53e-7105aa370e9f\">Dale vida a tus proyectos con la Cinta de Hot Stamping SO23 de Crown do Brasil!<\/p><p data-block-id=\"block-a6ff5857-43e9-477d-800a-f1665585b98e\">SO23 tiene una caracter\u00edstica de sobreimpresi\u00f3n, lo que significa que se puede imprimir sobre el Hot Stamping. Tus proyectos pueden ganar a\u00fan m\u00e1s protagonismo con el brillo met\u00e1lico localizado que proporciona el Hot Stamping Overprint. Mira el video a continuaci\u00f3n para un ejemplo de c\u00f3mo aplicar la cinta SO23.<\/p><p data-block-id=\"block-119b19a3-5110-4cbe-84d4-88b21ba9e454\">En esta caja de chocolates Choco Crown, aplicamos la cinta de Hot Stamping a los planetas, estrellas, el casco del astronauta y el nombre CROWN, precisamente para demostrar las posibilidades de aplicaci\u00f3n.<\/p><p data-block-id=\"block-22d64d7f-295f-4b93-9c9a-70e91a7845ff\">En el caso de los planetas, demostramos la impresi\u00f3n en croma sobre hot stamping, destacando c\u00f3mo los colores cobran vida cuando se aplican al fondo met\u00e1lico. Las estrellas reciben un protagonismo especial en este empaque, ya que no imprimimos sobre ellas, por lo que el color plateado de la cinta se destaca. Finalmente, tanto el nombre Crown como el casco del astronauta muestran que tambi\u00e9n es posible garantizar el efecto met\u00e1lico en un solo color de impresi\u00f3n.<\/p>\t\t\t\t\t\t\t\t<\/div>\n\t\t\t\t<\/div>\n\t\t\t\t\t<\/div>\n\t\t<\/div>\n\t\t\t\t\t<\/div>\n\t\t<\/section>\n\t\t\t\t<section class=\"elementor-section elementor-inner-section elementor-element elementor-element-abe963e elementor-section-boxed elementor-section-height-default elementor-section-height-default\" data-id=\"abe963e\" data-element_type=\"section\" data-e-type=\"section\">\n\t\t\t\t\t\t<div class=\"elementor-container elementor-column-gap-wider\">\n\t\t\t\t\t<div class=\"elementor-column elementor-col-100 elementor-inner-column elementor-element elementor-element-cd1621e\" data-id=\"cd1621e\" data-element_type=\"column\" data-e-type=\"column\">\n\t\t\t<div class=\"elementor-widget-wrap elementor-element-populated\">\n\t\t\t\t\t\t<div class=\"elementor-element elementor-element-e3ba1fd elementor-widget elementor-widget-text-editor\" data-id=\"e3ba1fd\" data-element_type=\"widget\" data-e-type=\"widget\" data-widget_type=\"text-editor.default\">\n\t\t\t\t<div class=\"elementor-widget-container\">\n\t\t\t\t\t\t\t\t\t<p data-block-id=\"block-00cca51b-0240-47f9-bd7b-dd6a343a307f\"><strong>Proceso:<\/strong><\/p><p data-block-id=\"block-1dd0fe44-214c-43d5-a1f8-45bacfbf9cef\">\u2022 A diferencia del proceso convencional, con la cinta de Hot Stamping SO23, el primer paso es golpear el hot stamp en el papel.<\/p><p data-block-id=\"block-45fbdaf5-8e08-45d9-90c1-7438fbcdb0e0\">Debe golpearse con cuidado, para que el sangrado del estampado coincida perfectamente con la impresi\u00f3n que se realizar\u00e1 posteriormente.<\/p><p data-block-id=\"block-0fec5c98-ca6d-41c9-b6df-226486c6a605\">\u2022 Despu\u00e9s de que el papel ha sido Hot Stamped, se devuelve a la imprenta para que se pueda imprimir en la cinta.<\/p><p data-block-id=\"block-f845eb78-883e-42dd-9066-172b5f668f42\">\u2022 En el proceso de impresi\u00f3n, hay dos alternativas para elegir tintas; la primera es a trav\u00e9s de la impresi\u00f3n UV, donde despu\u00e9s del proceso de fotopolimerizaci\u00f3n, las tintas se endurecen r\u00e1pidamente y no da\u00f1an el hot stamping.<\/p><p data-block-id=\"block-e8f8c803-4950-4131-a155-c278edc38be3\">\u2022 Otra alternativa es la impresi\u00f3n con tinta oxidativa, que se seca s\u00faper r\u00e1pido.<\/p>\t\t\t\t\t\t\t\t<\/div>\n\t\t\t\t<\/div>\n\t\t\t\t\t<\/div>\n\t\t<\/div>\n\t\t\t\t\t<\/div>\n\t\t<\/section>\n\t\t\t\t\t<\/div>\n\t\t<\/div>\n\t\t\t\t\t<\/div>\n\t\t<\/section>\n\t\t\t\t<section class=\"elementor-section elementor-top-section elementor-element elementor-element-0588cf8 elementor-section-stretched elementor-section-boxed elementor-section-height-default elementor-section-height-default\" data-id=\"0588cf8\" data-element_type=\"section\" data-e-type=\"section\" data-settings=\"{&quot;stretch_section&quot;:&quot;section-stretched&quot;}\">\n\t\t\t\t\t\t<div class=\"elementor-container elementor-column-gap-wider\">\n\t\t\t\t\t<div class=\"elementor-column elementor-col-100 elementor-top-column elementor-element elementor-element-2010675\" data-id=\"2010675\" data-element_type=\"column\" data-e-type=\"column\">\n\t\t\t<div class=\"elementor-widget-wrap elementor-element-populated\">\n\t\t\t\t\t\t<section class=\"elementor-section elementor-inner-section elementor-element elementor-element-da663bb elementor-section-content-middle elementor-section-boxed elementor-section-height-default elementor-section-height-default\" data-id=\"da663bb\" data-element_type=\"section\" data-e-type=\"section\">\n\t\t\t\t\t\t<div class=\"elementor-container elementor-column-gap-wider\">\n\t\t\t\t\t<div class=\"elementor-column elementor-col-50 elementor-inner-column elementor-element elementor-element-dc51b6a\" data-id=\"dc51b6a\" data-element_type=\"column\" data-e-type=\"column\">\n\t\t\t<div class=\"elementor-widget-wrap elementor-element-populated\">\n\t\t\t\t\t\t<div class=\"elementor-element elementor-element-2db3aab elementor-widget elementor-widget-heading\" data-id=\"2db3aab\" data-element_type=\"widget\" data-e-type=\"widget\" data-widget_type=\"heading.default\">\n\t\t\t\t<div class=\"elementor-widget-container\">\n\t\t\t\t\t<h4 class=\"elementor-heading-title elementor-size-default\">FunFoil<\/h4>\t\t\t\t<\/div>\n\t\t\t\t<\/div>\n\t\t\t\t<div class=\"elementor-element elementor-element-98c9814 elementor-widget elementor-widget-text-editor\" data-id=\"98c9814\" data-element_type=\"widget\" data-e-type=\"widget\" data-widget_type=\"text-editor.default\">\n\t\t\t\t<div class=\"elementor-widget-container\">\n\t\t\t\t\t\t\t\t\t<p data-block-id=\"block-d6190a3a-0deb-4b91-88a7-a4f905f37596\"><strong>El equipo de Investigaci\u00f3n y Desarrollo de Crown do Brasil trae otro nuevo producto al mercado brasile\u00f1o:<\/strong><\/p><p data-block-id=\"block-4e5578ac-f10d-47b3-a83c-f91f12d9d09e\">\u00a1Conozca Fun Foil Bicolor! \u00bfSab\u00edas que ahora puedes personalizar tu propio hot stamping? Esta p\u00e1gina es solo una demostraci\u00f3n de lo que es posible: \u00a1puedes personalizar tu impresi\u00f3n!<\/p><p data-block-id=\"block-313beced-e5b5-41cc-85ad-ce06326d2227\">\u00bfY lo mejor? Porque es un dise\u00f1o hecho directamente en el foil, en un solo trazo puedes tener dos colores y dise\u00f1os en tu trabajo. Con Fun Foil de Crown do Brasil, \u00a1puedes jugar con patrones y colores y obtener el hot stamping que deseas!<\/p><p data-block-id=\"block-766fc947-0ef9-4323-8df8-93fb50edd277\"><strong>\u00bfQuieres saber m\u00e1s? Contacta a nuestro equipo de ventas<\/strong><\/p>\t\t\t\t\t\t\t\t<\/div>\n\t\t\t\t<\/div>\n\t\t\t\t\t<\/div>\n\t\t<\/div>\n\t\t\t\t<div class=\"elementor-column elementor-col-50 elementor-inner-column elementor-element elementor-element-c7594d5\" data-id=\"c7594d5\" data-element_type=\"column\" data-e-type=\"column\">\n\t\t\t<div class=\"elementor-widget-wrap elementor-element-populated\">\n\t\t\t\t\t\t<div class=\"elementor-element elementor-element-e99e67a elementor-widget elementor-widget-video\" data-id=\"e99e67a\" data-element_type=\"widget\" data-e-type=\"widget\" data-settings=\"{&quot;youtube_url&quot;:&quot;https:\\\/\\\/www.youtube.com\\\/watch?v=jxGxDaiycgA&quot;,&quot;video_type&quot;:&quot;youtube&quot;,&quot;controls&quot;:&quot;yes&quot;}\" data-widget_type=\"video.default\">\n\t\t\t\t<div class=\"elementor-widget-container\">\n\t\t\t\t\t\t\t<div class=\"elementor-wrapper elementor-open-inline\">\n\t\t\t<div class=\"elementor-video\"><\/div>\t\t<\/div>\n\t\t\t\t\t\t<\/div>\n\t\t\t\t<\/div>\n\t\t\t\t\t<\/div>\n\t\t<\/div>\n\t\t\t\t\t<\/div>\n\t\t<\/section>\n\t\t\t\t\t<\/div>\n\t\t<\/div>\n\t\t\t\t\t<\/div>\n\t\t<\/section>\n\t\t\t\t<\/div>\n\t\t","protected":false},"excerpt":{"rendered":"<p>Mercados Impresi\u00f3n Plana Crown do Brasil tiene los productos de m\u00e1s alta calidad para aplicaci\u00f3n en los m\u00e1s diversos sustratos, con una amplia variedad de colores<span class=\"excerpt-hellip\"> [\u2026]<\/span><\/p>\n","protected":false},"author":1,"featured_media":0,"parent":5328,"menu_order":0,"comment_status":"closed","ping_status":"closed","template":"","meta":{"_acf_changed":false,"footnotes":""},"class_list":["post-5573","page","type-page","status-publish","hentry"],"acf":[],"_links":{"self":[{"href":"https:\/\/crowndobrasil.com.br\/es\/wp-json\/wp\/v2\/pages\/5573\/"}],"collection":[{"href":"https:\/\/crowndobrasil.com.br\/es\/wp-json\/wp\/v2\/pages\/"}],"about":[{"href":"https:\/\/crowndobrasil.com.br\/es\/wp-json\/wp\/v2\/types\/page\/"}],"author":[{"embeddable":true,"href":"https:\/\/crowndobrasil.com.br\/es\/wp-json\/wp\/v2\/users\/1\/"}],"replies":[{"embeddable":true,"href":"https:\/\/crowndobrasil.com.br\/es\/wp-json\/wp\/v2\/comments\/?post=5573"}],"version-history":[{"count":7,"href":"https:\/\/crowndobrasil.com.br\/es\/wp-json\/wp\/v2\/pages\/5573\/revisions\/"}],"predecessor-version":[{"id":6341,"href":"https:\/\/crowndobrasil.com.br\/es\/wp-json\/wp\/v2\/pages\/5573\/revisions\/6341\/"}],"up":[{"embeddable":true,"href":"https:\/\/crowndobrasil.com.br\/es\/wp-json\/wp\/v2\/pages\/5328\/"}],"wp:attachment":[{"href":"https:\/\/crowndobrasil.com.br\/es\/wp-json\/wp\/v2\/media\/?parent=5573"}],"curies":[{"name":"wp","href":"https:\/\/api.w.org\/{rel}","templated":true}]}}