{"id":5568,"date":"2026-02-05T15:29:57","date_gmt":"2026-02-05T18:29:57","guid":{"rendered":"https:\/\/crowndobrasil.com.br\/?page_id=5568"},"modified":"2026-04-06T11:57:46","modified_gmt":"2026-04-06T14:57:46","slug":"cuero-y-sintetico","status":"publish","type":"page","link":"https:\/\/crowndobrasil.com.br\/es\/mercados\/cuero-y-sintetico\/","title":{"rendered":"Cuero"},"content":{"rendered":"\t\t<div data-elementor-type=\"wp-page\" data-elementor-id=\"5568\" class=\"elementor elementor-5568\">\n\t\t\t\t\t\t<section class=\"elementor-section elementor-top-section elementor-element elementor-element-8d911e6 elementor-section-stretched elementor-section-boxed elementor-section-height-default elementor-section-height-default\" data-id=\"8d911e6\" data-element_type=\"section\" data-e-type=\"section\" data-settings=\"{&quot;stretch_section&quot;:&quot;section-stretched&quot;,&quot;background_background&quot;:&quot;classic&quot;}\">\n\t\t\t\t\t\t<div class=\"elementor-container elementor-column-gap-wider\">\n\t\t\t\t\t<div class=\"elementor-column elementor-col-100 elementor-top-column elementor-element elementor-element-129ead8\" data-id=\"129ead8\" data-element_type=\"column\" data-e-type=\"column\">\n\t\t\t<div class=\"elementor-widget-wrap elementor-element-populated\">\n\t\t\t\t\t\t<section class=\"elementor-section elementor-inner-section elementor-element elementor-element-50243f8 elementor-section-boxed elementor-section-height-default elementor-section-height-default\" data-id=\"50243f8\" data-element_type=\"section\" data-e-type=\"section\">\n\t\t\t\t\t\t<div class=\"elementor-container elementor-column-gap-default\">\n\t\t\t\t\t<div class=\"elementor-column elementor-col-50 elementor-inner-column elementor-element elementor-element-1a04cb9\" data-id=\"1a04cb9\" data-element_type=\"column\" data-e-type=\"column\">\n\t\t\t<div class=\"elementor-widget-wrap elementor-element-populated\">\n\t\t\t\t\t\t<div class=\"elementor-element elementor-element-06d5e71 elementor-widget elementor-widget-text-editor\" data-id=\"06d5e71\" data-element_type=\"widget\" data-e-type=\"widget\" data-widget_type=\"text-editor.default\">\n\t\t\t\t<div class=\"elementor-widget-container\">\n\t\t\t\t\t\t\t\t\t<h6><span style=\"color: #feba4d;\">Mercados<\/span><\/h6>\n<h2><span style=\"color: #fff;\">Cuero<\/span><\/h2>\t\t\t\t\t\t\t\t<\/div>\n\t\t\t\t<\/div>\n\t\t\t\t\t<\/div>\n\t\t<\/div>\n\t\t\t\t<div class=\"elementor-column elementor-col-50 elementor-inner-column elementor-element elementor-element-310dabf\" data-id=\"310dabf\" data-element_type=\"column\" data-e-type=\"column\">\n\t\t\t<div class=\"elementor-widget-wrap\">\n\t\t\t\t\t\t\t<\/div>\n\t\t<\/div>\n\t\t\t\t\t<\/div>\n\t\t<\/section>\n\t\t\t\t\t<\/div>\n\t\t<\/div>\n\t\t\t\t\t<\/div>\n\t\t<\/section>\n\t\t\t\t<section class=\"elementor-section elementor-top-section elementor-element elementor-element-f69c379 elementor-section-stretched elementor-section-boxed elementor-section-height-default elementor-section-height-default\" data-id=\"f69c379\" data-element_type=\"section\" data-e-type=\"section\" data-settings=\"{&quot;stretch_section&quot;:&quot;section-stretched&quot;}\">\n\t\t\t\t\t\t<div class=\"elementor-container elementor-column-gap-wider\">\n\t\t\t\t\t<div class=\"elementor-column elementor-col-100 elementor-top-column elementor-element elementor-element-5b32dc5\" data-id=\"5b32dc5\" data-element_type=\"column\" data-e-type=\"column\">\n\t\t\t<div class=\"elementor-widget-wrap elementor-element-populated\">\n\t\t\t\t\t\t<section class=\"elementor-section elementor-inner-section elementor-element elementor-element-4864243 elementor-section-content-middle elementor-section-boxed elementor-section-height-default elementor-section-height-default\" data-id=\"4864243\" data-element_type=\"section\" data-e-type=\"section\">\n\t\t\t\t\t\t<div class=\"elementor-container elementor-column-gap-wider\">\n\t\t\t\t\t<div class=\"elementor-column elementor-col-50 elementor-inner-column elementor-element elementor-element-90a7229\" data-id=\"90a7229\" data-element_type=\"column\" data-e-type=\"column\">\n\t\t\t<div class=\"elementor-widget-wrap elementor-element-populated\">\n\t\t\t\t\t\t<div class=\"elementor-element elementor-element-d467880 elementor-widget elementor-widget-heading\" data-id=\"d467880\" data-element_type=\"widget\" data-e-type=\"widget\" data-widget_type=\"heading.default\">\n\t\t\t\t<div class=\"elementor-widget-container\">\n\t\t\t\t\t<h4 class=\"elementor-heading-title elementor-size-default\">Cualquiera que sea el proceso de aplicaci\u00f3n, en Crown do Brasil encontrar\u00e1 productos para curtiembres, industrias sint\u00e9ticas y empresas de calzado.<\/h4>\t\t\t\t<\/div>\n\t\t\t\t<\/div>\n\t\t\t\t<div class=\"elementor-element elementor-element-1ef561c elementor-widget elementor-widget-text-editor\" data-id=\"1ef561c\" data-element_type=\"widget\" data-e-type=\"widget\" data-widget_type=\"text-editor.default\">\n\t\t\t\t<div class=\"elementor-widget-container\">\n\t\t\t\t\t\t\t\t\t<p>Con calidad, variedad de colores, servicio diferenciado, as\u00ed como stock permanente en Brasil con anchos de hasta 1500 mm.<\/p>\t\t\t\t\t\t\t\t<\/div>\n\t\t\t\t<\/div>\n\t\t\t\t\t<\/div>\n\t\t<\/div>\n\t\t\t\t<div class=\"elementor-column elementor-col-50 elementor-inner-column elementor-element elementor-element-6222724\" data-id=\"6222724\" data-element_type=\"column\" data-e-type=\"column\">\n\t\t\t<div class=\"elementor-widget-wrap elementor-element-populated\">\n\t\t\t\t\t\t<div class=\"elementor-element elementor-element-e5ae7d4 elementor-widget elementor-widget-image\" data-id=\"e5ae7d4\" data-element_type=\"widget\" data-e-type=\"widget\" data-widget_type=\"image.default\">\n\t\t\t\t<div class=\"elementor-widget-container\">\n\t\t\t\t\t\t\t\t\t\t\t\t\t\t\t<img fetchpriority=\"high\" decoding=\"async\" width=\"1000\" height=\"667\" src=\"https:\/\/crowndobrasil.com.br\/wp-content\/uploads\/2025\/04\/capa-couro-e-sintetico.png\" class=\"attachment-large size-large wp-image-4434\" alt=\"\" srcset=\"https:\/\/crowndobrasil.com.br\/wp-content\/uploads\/2025\/04\/capa-couro-e-sintetico.png 1000w, https:\/\/crowndobrasil.com.br\/wp-content\/uploads\/2025\/04\/capa-couro-e-sintetico-300x200.png 300w, https:\/\/crowndobrasil.com.br\/wp-content\/uploads\/2025\/04\/capa-couro-e-sintetico-768x512.png 768w, https:\/\/crowndobrasil.com.br\/wp-content\/uploads\/2025\/04\/capa-couro-e-sintetico-219x146.png 219w, https:\/\/crowndobrasil.com.br\/wp-content\/uploads\/2025\/04\/capa-couro-e-sintetico-50x33.png 50w, https:\/\/crowndobrasil.com.br\/wp-content\/uploads\/2025\/04\/capa-couro-e-sintetico-112x75.png 112w\" sizes=\"(max-width: 1000px) 100vw, 1000px\" \/>\t\t\t\t\t\t\t\t\t\t\t\t\t\t\t<\/div>\n\t\t\t\t<\/div>\n\t\t\t\t\t<\/div>\n\t\t<\/div>\n\t\t\t\t\t<\/div>\n\t\t<\/section>\n\t\t\t\t\t<\/div>\n\t\t<\/div>\n\t\t\t\t\t<\/div>\n\t\t<\/section>\n\t\t\t\t<section class=\"elementor-section elementor-top-section elementor-element elementor-element-6afea8c elementor-section-stretched elementor-section-boxed elementor-section-height-default elementor-section-height-default\" data-id=\"6afea8c\" data-element_type=\"section\" data-e-type=\"section\" data-settings=\"{&quot;stretch_section&quot;:&quot;section-stretched&quot;,&quot;background_background&quot;:&quot;classic&quot;}\">\n\t\t\t\t\t\t<div class=\"elementor-container elementor-column-gap-default\">\n\t\t\t\t\t<div class=\"elementor-column elementor-col-100 elementor-top-column elementor-element elementor-element-e060f6f\" data-id=\"e060f6f\" data-element_type=\"column\" data-e-type=\"column\">\n\t\t\t<div class=\"elementor-widget-wrap elementor-element-populated\">\n\t\t\t\t\t\t<section class=\"elementor-section elementor-inner-section elementor-element elementor-element-f3285cb elementor-section-boxed elementor-section-height-default elementor-section-height-default\" data-id=\"f3285cb\" data-element_type=\"section\" data-e-type=\"section\">\n\t\t\t\t\t\t<div class=\"elementor-container elementor-column-gap-default\">\n\t\t\t\t\t<div class=\"elementor-column elementor-col-100 elementor-inner-column elementor-element elementor-element-511d5a2\" data-id=\"511d5a2\" data-element_type=\"column\" data-e-type=\"column\">\n\t\t\t<div class=\"elementor-widget-wrap elementor-element-populated\">\n\t\t\t\t\t\t<div class=\"elementor-element elementor-element-c5a23a3 elementor-widget elementor-widget-heading\" data-id=\"c5a23a3\" data-element_type=\"widget\" data-e-type=\"widget\" data-widget_type=\"heading.default\">\n\t\t\t\t<div class=\"elementor-widget-container\">\n\t\t\t\t\t<h4 class=\"elementor-heading-title elementor-size-default\">Representante<\/h4>\t\t\t\t<\/div>\n\t\t\t\t<\/div>\n\t\t\t\t\t<\/div>\n\t\t<\/div>\n\t\t\t\t\t<\/div>\n\t\t<\/section>\n\t\t\t\t<section class=\"elementor-section elementor-inner-section elementor-element elementor-element-ba2ddbb elementor-section-boxed elementor-section-height-default elementor-section-height-default\" data-id=\"ba2ddbb\" data-element_type=\"section\" data-e-type=\"section\">\n\t\t\t\t\t\t<div class=\"elementor-container elementor-column-gap-default\">\n\t\t\t\t\t<div class=\"elementor-column elementor-col-100 elementor-inner-column elementor-element elementor-element-30ed253\" data-id=\"30ed253\" data-element_type=\"column\" data-e-type=\"column\">\n\t\t\t<div class=\"elementor-widget-wrap elementor-element-populated\">\n\t\t\t\t\t\t<div class=\"elementor-element elementor-element-dac4b09 elementor-widget elementor-widget-heading\" data-id=\"dac4b09\" data-element_type=\"widget\" data-e-type=\"widget\" data-widget_type=\"heading.default\">\n\t\t\t\t<div class=\"elementor-widget-container\">\n\t\t\t\t\t<h4 class=\"elementor-heading-title elementor-size-default\">UNIFOILS BRASIL COM\u00c9RCIO DE INSUMOS<\/h4>\t\t\t\t<\/div>\n\t\t\t\t<\/div>\n\t\t\t\t<div class=\"elementor-element elementor-element-c76d5a3 elementor-widget elementor-widget-text-editor\" data-id=\"c76d5a3\" data-element_type=\"widget\" data-e-type=\"widget\" data-widget_type=\"text-editor.default\">\n\t\t\t\t<div class=\"elementor-widget-container\">\n\t\t\t\t\t\t\t\t\t<p>Rua Louro, 70 &#8211; Floresta &#8211; Estancia Velha RS<br \/>Contacto: (51) 3191-1577<\/p>\t\t\t\t\t\t\t\t<\/div>\n\t\t\t\t<\/div>\n\t\t\t\t\t<\/div>\n\t\t<\/div>\n\t\t\t\t\t<\/div>\n\t\t<\/section>\n\t\t\t\t\t<\/div>\n\t\t<\/div>\n\t\t\t\t\t<\/div>\n\t\t<\/section>\n\t\t\t\t<\/div>\n\t\t","protected":false},"excerpt":{"rendered":"<p>Mercados Cuero Cualquiera que sea el proceso de aplicaci\u00f3n, en Crown do Brasil encontrar\u00e1 productos para curtiembres, industrias sint\u00e9ticas y empresas de calzado. Con calidad, variedad<span class=\"excerpt-hellip\"> [\u2026]<\/span><\/p>\n","protected":false},"author":1,"featured_media":0,"parent":5328,"menu_order":0,"comment_status":"closed","ping_status":"closed","template":"","meta":{"_acf_changed":false,"footnotes":""},"class_list":["post-5568","page","type-page","status-publish","hentry"],"acf":[],"_links":{"self":[{"href":"https:\/\/crowndobrasil.com.br\/es\/wp-json\/wp\/v2\/pages\/5568\/"}],"collection":[{"href":"https:\/\/crowndobrasil.com.br\/es\/wp-json\/wp\/v2\/pages\/"}],"about":[{"href":"https:\/\/crowndobrasil.com.br\/es\/wp-json\/wp\/v2\/types\/page\/"}],"author":[{"embeddable":true,"href":"https:\/\/crowndobrasil.com.br\/es\/wp-json\/wp\/v2\/users\/1\/"}],"replies":[{"embeddable":true,"href":"https:\/\/crowndobrasil.com.br\/es\/wp-json\/wp\/v2\/comments\/?post=5568"}],"version-history":[{"count":11,"href":"https:\/\/crowndobrasil.com.br\/es\/wp-json\/wp\/v2\/pages\/5568\/revisions\/"}],"predecessor-version":[{"id":6347,"href":"https:\/\/crowndobrasil.com.br\/es\/wp-json\/wp\/v2\/pages\/5568\/revisions\/6347\/"}],"up":[{"embeddable":true,"href":"https:\/\/crowndobrasil.com.br\/es\/wp-json\/wp\/v2\/pages\/5328\/"}],"wp:attachment":[{"href":"https:\/\/crowndobrasil.com.br\/es\/wp-json\/wp\/v2\/media\/?parent=5568"}],"curies":[{"name":"wp","href":"https:\/\/api.w.org\/{rel}","templated":true}]}}