{"id":5276,"date":"2026-02-05T12:13:43","date_gmt":"2026-02-05T15:13:43","guid":{"rendered":"https:\/\/crowndobrasil.com.br\/?page_id=5276"},"modified":"2026-04-06T11:57:53","modified_gmt":"2026-04-06T14:57:53","slug":"empresa","status":"publish","type":"page","link":"https:\/\/crowndobrasil.com.br\/es\/empresa\/","title":{"rendered":"Empresa"},"content":{"rendered":"\t\t<div data-elementor-type=\"wp-page\" data-elementor-id=\"5276\" class=\"elementor elementor-5276\">\n\t\t\t\t\t\t<section class=\"elementor-section elementor-top-section elementor-element elementor-element-8d911e6 elementor-section-stretched elementor-section-boxed elementor-section-height-default elementor-section-height-default\" data-id=\"8d911e6\" data-element_type=\"section\" data-e-type=\"section\" data-settings=\"{&quot;stretch_section&quot;:&quot;section-stretched&quot;,&quot;background_background&quot;:&quot;classic&quot;}\">\n\t\t\t\t\t\t<div class=\"elementor-container elementor-column-gap-wider\">\n\t\t\t\t\t<div class=\"elementor-column elementor-col-100 elementor-top-column elementor-element elementor-element-129ead8\" data-id=\"129ead8\" data-element_type=\"column\" data-e-type=\"column\">\n\t\t\t<div class=\"elementor-widget-wrap elementor-element-populated\">\n\t\t\t\t\t\t<section class=\"elementor-section elementor-inner-section elementor-element elementor-element-50243f8 elementor-section-boxed elementor-section-height-default elementor-section-height-default\" data-id=\"50243f8\" data-element_type=\"section\" data-e-type=\"section\">\n\t\t\t\t\t\t<div class=\"elementor-container elementor-column-gap-default\">\n\t\t\t\t\t<div class=\"elementor-column elementor-col-50 elementor-inner-column elementor-element elementor-element-1a04cb9\" data-id=\"1a04cb9\" data-element_type=\"column\" data-e-type=\"column\">\n\t\t\t<div class=\"elementor-widget-wrap elementor-element-populated\">\n\t\t\t\t\t\t<div class=\"elementor-element elementor-element-06d5e71 elementor-widget elementor-widget-text-editor\" data-id=\"06d5e71\" data-element_type=\"widget\" data-e-type=\"widget\" data-widget_type=\"text-editor.default\">\n\t\t\t\t<div class=\"elementor-widget-container\">\n\t\t\t\t\t\t\t\t\t<h2><span style=\"color: #fff;\">Empresa<\/span><\/h2>\t\t\t\t\t\t\t\t<\/div>\n\t\t\t\t<\/div>\n\t\t\t\t\t<\/div>\n\t\t<\/div>\n\t\t\t\t<div class=\"elementor-column elementor-col-50 elementor-inner-column elementor-element elementor-element-310dabf\" data-id=\"310dabf\" data-element_type=\"column\" data-e-type=\"column\">\n\t\t\t<div class=\"elementor-widget-wrap\">\n\t\t\t\t\t\t\t<\/div>\n\t\t<\/div>\n\t\t\t\t\t<\/div>\n\t\t<\/section>\n\t\t\t\t\t<\/div>\n\t\t<\/div>\n\t\t\t\t\t<\/div>\n\t\t<\/section>\n\t\t\t\t<section class=\"elementor-section elementor-top-section elementor-element elementor-element-db77a71 elementor-section-stretched elementor-section-boxed elementor-section-height-default elementor-section-height-default\" data-id=\"db77a71\" data-element_type=\"section\" data-e-type=\"section\" data-settings=\"{&quot;stretch_section&quot;:&quot;section-stretched&quot;}\">\n\t\t\t\t\t\t<div class=\"elementor-container elementor-column-gap-wider\">\n\t\t\t\t\t<div class=\"elementor-column elementor-col-100 elementor-top-column elementor-element elementor-element-2441cb0\" data-id=\"2441cb0\" data-element_type=\"column\" data-e-type=\"column\">\n\t\t\t<div class=\"elementor-widget-wrap elementor-element-populated\">\n\t\t\t\t\t\t<section class=\"elementor-section elementor-inner-section elementor-element elementor-element-f50b8eb elementor-section-content-middle elementor-section-boxed elementor-section-height-default elementor-section-height-default\" data-id=\"f50b8eb\" data-element_type=\"section\" data-e-type=\"section\">\n\t\t\t\t\t\t<div class=\"elementor-container elementor-column-gap-wider\">\n\t\t\t\t\t<div class=\"elementor-column elementor-col-100 elementor-inner-column elementor-element elementor-element-50d53e0\" data-id=\"50d53e0\" data-element_type=\"column\" data-e-type=\"column\">\n\t\t\t<div class=\"elementor-widget-wrap elementor-element-populated\">\n\t\t\t\t\t\t<div class=\"elementor-element elementor-element-8651d91 elementor-widget elementor-widget-heading\" data-id=\"8651d91\" data-element_type=\"widget\" data-e-type=\"widget\" data-widget_type=\"heading.default\">\n\t\t\t\t<div class=\"elementor-widget-container\">\n\t\t\t\t\t<h4 class=\"elementor-heading-title elementor-size-default\">Sobre la Crown do Brasil<\/h4>\t\t\t\t<\/div>\n\t\t\t\t<\/div>\n\t\t\t\t<div class=\"elementor-element elementor-element-297cc37 elementor-widget elementor-widget-text-editor\" data-id=\"297cc37\" data-element_type=\"widget\" data-e-type=\"widget\" data-widget_type=\"text-editor.default\">\n\t\t\t\t<div class=\"elementor-widget-container\">\n\t\t\t\t\t\t\t\t\t<p data-block-id=\"block-35df2da3-5849-46d7-8ed1-f541542340f3\">M\u00e1s de 25 a\u00f1os transformando ideas en realidad.<\/p><p data-block-id=\"block-1fb40b19-3fc9-4b20-b862-df71ec04e6c9\">Con una trayectoria s\u00f3lida y marcada por la innovaci\u00f3n, Crown do Brasil es un referente en el suministro de acabados metalizados en Hot Stamping, Cold Stamping, Foil y Hologramas de Seguridad para diferentes segmentos de la industria.<\/p><p data-block-id=\"block-e449a215-2bf2-4ad3-bc9e-293666f462ab\">A lo largo de m\u00e1s de dos d\u00e9cadas, hemos construido una historia basada en la confianza, la colaboraci\u00f3n y la tecnolog\u00eda, ofreciendo productos que agregan valor en cada aplicaci\u00f3n.<\/p><p data-block-id=\"block-ac5ce060-38cc-4c28-a5a2-39a6a875cb59\">Nos enorgullece trabajar mano a mano con nuestros clientes y socios, desarrollando soluciones a medida, con atenci\u00f3n especializada y distribuci\u00f3n en todo Brasil.<\/p>\t\t\t\t\t\t\t\t<\/div>\n\t\t\t\t<\/div>\n\t\t\t\t\t<\/div>\n\t\t<\/div>\n\t\t\t\t\t<\/div>\n\t\t<\/section>\n\t\t\t\t\t<\/div>\n\t\t<\/div>\n\t\t\t\t\t<\/div>\n\t\t<\/section>\n\t\t\t\t<section class=\"elementor-section elementor-top-section elementor-element elementor-element-ddaa11d elementor-section-stretched elementor-section-boxed elementor-section-height-default elementor-section-height-default\" data-id=\"ddaa11d\" data-element_type=\"section\" data-e-type=\"section\" data-settings=\"{&quot;stretch_section&quot;:&quot;section-stretched&quot;,&quot;background_background&quot;:&quot;classic&quot;}\">\n\t\t\t\t\t\t<div class=\"elementor-container elementor-column-gap-default\">\n\t\t\t\t\t<div class=\"elementor-column elementor-col-33 elementor-top-column elementor-element elementor-element-7d2ebec\" data-id=\"7d2ebec\" data-element_type=\"column\" data-e-type=\"column\">\n\t\t\t<div class=\"elementor-widget-wrap elementor-element-populated\">\n\t\t\t\t\t\t<div class=\"elementor-element elementor-element-db9454b elementor-position-top elementor-widget elementor-widget-image-box\" data-id=\"db9454b\" data-element_type=\"widget\" data-e-type=\"widget\" data-widget_type=\"image-box.default\">\n\t\t\t\t<div class=\"elementor-widget-container\">\n\t\t\t\t\t<div class=\"elementor-image-box-wrapper\"><figure class=\"elementor-image-box-img\"><img decoding=\"async\" width=\"150\" height=\"150\" src=\"https:\/\/crowndobrasil.com.br\/wp-content\/uploads\/2023\/10\/icon-empresa-1.png\" class=\"attachment-full size-full wp-image-1596\" alt=\"\" srcset=\"https:\/\/crowndobrasil.com.br\/wp-content\/uploads\/2023\/10\/icon-empresa-1.png 150w, https:\/\/crowndobrasil.com.br\/wp-content\/uploads\/2023\/10\/icon-empresa-1-146x146.png 146w, https:\/\/crowndobrasil.com.br\/wp-content\/uploads\/2023\/10\/icon-empresa-1-50x50.png 50w, https:\/\/crowndobrasil.com.br\/wp-content\/uploads\/2023\/10\/icon-empresa-1-75x75.png 75w, https:\/\/crowndobrasil.com.br\/wp-content\/uploads\/2023\/10\/icon-empresa-1-85x85.png 85w, https:\/\/crowndobrasil.com.br\/wp-content\/uploads\/2023\/10\/icon-empresa-1-80x80.png 80w\" sizes=\"(max-width: 150px) 100vw, 150px\" \/><\/figure><div class=\"elementor-image-box-content\"><p class=\"elementor-image-box-description\">Atendemos todo <br><strong>Brasil y Am\u00e9rica Latina<\/strong><\/p><\/div><\/div>\t\t\t\t<\/div>\n\t\t\t\t<\/div>\n\t\t\t\t\t<\/div>\n\t\t<\/div>\n\t\t\t\t<div class=\"elementor-column elementor-col-33 elementor-top-column elementor-element elementor-element-b985f36\" data-id=\"b985f36\" data-element_type=\"column\" data-e-type=\"column\">\n\t\t\t<div class=\"elementor-widget-wrap elementor-element-populated\">\n\t\t\t\t\t\t<div class=\"elementor-element elementor-element-566e578 elementor-position-top elementor-widget elementor-widget-image-box\" data-id=\"566e578\" data-element_type=\"widget\" data-e-type=\"widget\" data-widget_type=\"image-box.default\">\n\t\t\t\t<div class=\"elementor-widget-container\">\n\t\t\t\t\t<div class=\"elementor-image-box-wrapper\"><figure class=\"elementor-image-box-img\"><img decoding=\"async\" width=\"150\" height=\"150\" src=\"https:\/\/crowndobrasil.com.br\/wp-content\/uploads\/2023\/10\/icon-empresa-3.png\" class=\"attachment-full size-full wp-image-1598\" alt=\"\" srcset=\"https:\/\/crowndobrasil.com.br\/wp-content\/uploads\/2023\/10\/icon-empresa-3.png 150w, https:\/\/crowndobrasil.com.br\/wp-content\/uploads\/2023\/10\/icon-empresa-3-146x146.png 146w, https:\/\/crowndobrasil.com.br\/wp-content\/uploads\/2023\/10\/icon-empresa-3-50x50.png 50w, https:\/\/crowndobrasil.com.br\/wp-content\/uploads\/2023\/10\/icon-empresa-3-75x75.png 75w, https:\/\/crowndobrasil.com.br\/wp-content\/uploads\/2023\/10\/icon-empresa-3-85x85.png 85w, https:\/\/crowndobrasil.com.br\/wp-content\/uploads\/2023\/10\/icon-empresa-3-80x80.png 80w\" sizes=\"(max-width: 150px) 100vw, 150px\" \/><\/figure><div class=\"elementor-image-box-content\"><p class=\"elementor-image-box-description\"><strong>+ de 20 a\u00f1os <\/strong><br>\nde experiencia y trayectoria<\/p><\/div><\/div>\t\t\t\t<\/div>\n\t\t\t\t<\/div>\n\t\t\t\t\t<\/div>\n\t\t<\/div>\n\t\t\t\t<div class=\"elementor-column elementor-col-33 elementor-top-column elementor-element elementor-element-ea61bed\" data-id=\"ea61bed\" data-element_type=\"column\" data-e-type=\"column\">\n\t\t\t<div class=\"elementor-widget-wrap elementor-element-populated\">\n\t\t\t\t\t\t<div class=\"elementor-element elementor-element-87225c2 elementor-position-top elementor-widget elementor-widget-image-box\" data-id=\"87225c2\" data-element_type=\"widget\" data-e-type=\"widget\" data-widget_type=\"image-box.default\">\n\t\t\t\t<div class=\"elementor-widget-container\">\n\t\t\t\t\t<div class=\"elementor-image-box-wrapper\"><figure class=\"elementor-image-box-img\"><img decoding=\"async\" width=\"150\" height=\"150\" src=\"https:\/\/crowndobrasil.com.br\/wp-content\/uploads\/2023\/10\/icon-empresa-2.png\" class=\"attachment-full size-full wp-image-1597\" alt=\"\" srcset=\"https:\/\/crowndobrasil.com.br\/wp-content\/uploads\/2023\/10\/icon-empresa-2.png 150w, https:\/\/crowndobrasil.com.br\/wp-content\/uploads\/2023\/10\/icon-empresa-2-146x146.png 146w, https:\/\/crowndobrasil.com.br\/wp-content\/uploads\/2023\/10\/icon-empresa-2-50x50.png 50w, https:\/\/crowndobrasil.com.br\/wp-content\/uploads\/2023\/10\/icon-empresa-2-75x75.png 75w, https:\/\/crowndobrasil.com.br\/wp-content\/uploads\/2023\/10\/icon-empresa-2-85x85.png 85w, https:\/\/crowndobrasil.com.br\/wp-content\/uploads\/2023\/10\/icon-empresa-2-80x80.png 80w\" sizes=\"(max-width: 150px) 100vw, 150px\" \/><\/figure><div class=\"elementor-image-box-content\"><p class=\"elementor-image-box-description\"><strong>Toda la diversidad<\/strong> <br>\nde productos que necesitas<\/p><\/div><\/div>\t\t\t\t<\/div>\n\t\t\t\t<\/div>\n\t\t\t\t\t<\/div>\n\t\t<\/div>\n\t\t\t\t\t<\/div>\n\t\t<\/section>\n\t\t\t\t<\/div>\n\t\t","protected":false},"excerpt":{"rendered":"<p>Empresa Sobre la Crown do Brasil M\u00e1s de 25 a\u00f1os transformando ideas en realidad. Con una trayectoria s\u00f3lida y marcada por la innovaci\u00f3n, Crown do Brasil<span class=\"excerpt-hellip\"> [\u2026]<\/span><\/p>\n","protected":false},"author":1,"featured_media":0,"parent":0,"menu_order":0,"comment_status":"closed","ping_status":"closed","template":"","meta":{"_acf_changed":false,"footnotes":""},"class_list":["post-5276","page","type-page","status-publish","hentry"],"acf":[],"_links":{"self":[{"href":"https:\/\/crowndobrasil.com.br\/es\/wp-json\/wp\/v2\/pages\/5276\/"}],"collection":[{"href":"https:\/\/crowndobrasil.com.br\/es\/wp-json\/wp\/v2\/pages\/"}],"about":[{"href":"https:\/\/crowndobrasil.com.br\/es\/wp-json\/wp\/v2\/types\/page\/"}],"author":[{"embeddable":true,"href":"https:\/\/crowndobrasil.com.br\/es\/wp-json\/wp\/v2\/users\/1\/"}],"replies":[{"embeddable":true,"href":"https:\/\/crowndobrasil.com.br\/es\/wp-json\/wp\/v2\/comments\/?post=5276"}],"version-history":[{"count":13,"href":"https:\/\/crowndobrasil.com.br\/es\/wp-json\/wp\/v2\/pages\/5276\/revisions\/"}],"predecessor-version":[{"id":6353,"href":"https:\/\/crowndobrasil.com.br\/es\/wp-json\/wp\/v2\/pages\/5276\/revisions\/6353\/"}],"wp:attachment":[{"href":"https:\/\/crowndobrasil.com.br\/es\/wp-json\/wp\/v2\/media\/?parent=5276"}],"curies":[{"name":"wp","href":"https:\/\/api.w.org\/{rel}","templated":true}]}}